{"id":34,"date":"2024-10-30T18:46:57","date_gmt":"2024-10-30T17:46:57","guid":{"rendered":"https:\/\/serveurdesmouss.synology.me\/wordpress\/?page_id=34"},"modified":"2024-12-23T05:54:57","modified_gmt":"2024-12-23T04:54:57","slug":"accueil","status":"publish","type":"page","link":"https:\/\/serveurdesmouss.synology.me\/wordpress\/","title":{"rendered":"Accueil"},"content":{"rendered":"\t\t<div data-elementor-type=\"wp-page\" data-elementor-id=\"34\" class=\"elementor elementor-34\" data-elementor-settings=\"[]\">\n\t\t\t\t\t\t\t<div class=\"elementor-section-wrap\">\n\t\t\t\t\t\t\t<section class=\"elementor-section elementor-top-section elementor-element elementor-element-75ff1f0b elementor-section-boxed elementor-section-height-default elementor-section-height-default\" data-id=\"75ff1f0b\" data-element_type=\"section\">\n\t\t\t\t\t\t<div class=\"elementor-container elementor-column-gap-default\">\n\t\t\t\t\t<div class=\"elementor-column elementor-col-100 elementor-top-column elementor-element elementor-element-12b1e74c\" data-id=\"12b1e74c\" data-element_type=\"column\">\n\t\t\t<div class=\"elementor-widget-wrap elementor-element-populated\">\n\t\t\t\t\t\t\t\t<div class=\"elementor-element elementor-element-d932faf elementor-widget__width-inherit elementor-widget elementor-widget-heading\" data-id=\"d932faf\" data-element_type=\"widget\" data-widget_type=\"heading.default\">\n\t\t\t\t<div class=\"elementor-widget-container\">\n\t\t\t<style>\/*! elementor - v3.5.5 - 03-02-2022 *\/\n.elementor-heading-title{padding:0;margin:0;line-height:1}.elementor-widget-heading .elementor-heading-title[class*=elementor-size-]>a{color:inherit;font-size:inherit;line-height:inherit}.elementor-widget-heading .elementor-heading-title.elementor-size-small{font-size:15px}.elementor-widget-heading .elementor-heading-title.elementor-size-medium{font-size:19px}.elementor-widget-heading .elementor-heading-title.elementor-size-large{font-size:29px}.elementor-widget-heading .elementor-heading-title.elementor-size-xl{font-size:39px}.elementor-widget-heading .elementor-heading-title.elementor-size-xxl{font-size:59px}<\/style><h2 class=\"elementor-heading-title elementor-size-default\"><p><span style=\"font-size: 20px; color: var( --e-global-color-secondary );\">\"\u00c0 la Pharmacie MOUSSIN de Savigny-l\u00e8s-Beaune, votre sant\u00e9 est notre priorit\u00e9. Toute notre \u00e9quipe est \u00e0 votre \u00e9coute et met son expertise de professionnels de sant\u00e9 \u00e0 votre service. <\/span><span style=\"font-size: 20px; color: var( --e-global-color-secondary );\">En prolongement de cette attention de tous les jours, la <\/span><span style=\"font-size: 20px; color: var( --e-global-color-secondary );\">Pharmacie MOUSSIN est heureuse de mettre \u00e0 votre disposition son site internet <\/span><span style=\"font-size: 20px; color: var( --e-global-color-secondary );\">o\u00f9 vous pourrez nous contacter et nous adresser vos ordonnances.\"<\/span><span style=\"color: var( --e-global-color-secondary ); font-family: var( --e-global-typography-primary-font-family ), Sans-serif; font-size: 20px; font-weight: var( --e-global-typography-primary-font-weight );\"><\/span><\/p><\/h2>\t\t<\/div>\n\t\t\t\t<\/div>\n\t\t\t\t<div class=\"elementor-element elementor-element-681ff1fd elementor-widget elementor-widget-text-editor\" data-id=\"681ff1fd\" data-element_type=\"widget\" data-widget_type=\"text-editor.default\">\n\t\t\t\t<div class=\"elementor-widget-container\">\n\t\t\t<style>\/*! elementor - v3.5.5 - 03-02-2022 *\/\n.elementor-widget-text-editor.elementor-drop-cap-view-stacked .elementor-drop-cap{background-color:#818a91;color:#fff}.elementor-widget-text-editor.elementor-drop-cap-view-framed .elementor-drop-cap{color:#818a91;border:3px solid;background-color:transparent}.elementor-widget-text-editor:not(.elementor-drop-cap-view-default) .elementor-drop-cap{margin-top:8px}.elementor-widget-text-editor:not(.elementor-drop-cap-view-default) .elementor-drop-cap-letter{width:1em;height:1em}.elementor-widget-text-editor .elementor-drop-cap{float:left;text-align:center;line-height:1;font-size:50px}.elementor-widget-text-editor .elementor-drop-cap-letter{display:inline-block}<\/style>\t\t\t\t<!-- wp:cover {\"url\":\"https:\/\/serveurdesmouss.synology.me\/wordpress\/wp-content\/uploads\/2024\/10\/IMG_20200509_181022-scaled.jpg\",\"id\":67,\"dimRatio\":10,\"focalPoint\":{\"x\":0.54,\"y\":0.44},\"contentPosition\":\"bottom right\",\"isDark\":false,\"align\":\"full\",\"style\":{\"color\":{\"duotone\":\"unset\"}}} -->\n<div class=\"wp-block-cover alignfull is-light has-custom-content-position is-position-bottom-right\"><img decoding=\"async\" loading=\"lazy\" width=\"2560\" height=\"1209\" class=\"wp-block-cover__image-background wp-image-67\" style=\"object-position: 54% 44%;\" src=\"https:\/\/serveurdesmouss.synology.me\/wordpress\/wp-content\/uploads\/2024\/10\/IMG_20200509_181022-scaled.jpg\" alt=\"\" data-object-fit=\"cover\" data-object-position=\"54% 44%\" srcset=\"https:\/\/serveurdesmouss.synology.me\/wordpress\/wp-content\/uploads\/2024\/10\/IMG_20200509_181022-scaled.jpg 2560w, https:\/\/serveurdesmouss.synology.me\/wordpress\/wp-content\/uploads\/2024\/10\/IMG_20200509_181022-300x142.jpg 300w, https:\/\/serveurdesmouss.synology.me\/wordpress\/wp-content\/uploads\/2024\/10\/IMG_20200509_181022-1024x484.jpg 1024w, https:\/\/serveurdesmouss.synology.me\/wordpress\/wp-content\/uploads\/2024\/10\/IMG_20200509_181022-768x363.jpg 768w, https:\/\/serveurdesmouss.synology.me\/wordpress\/wp-content\/uploads\/2024\/10\/IMG_20200509_181022-1536x725.jpg 1536w, https:\/\/serveurdesmouss.synology.me\/wordpress\/wp-content\/uploads\/2024\/10\/IMG_20200509_181022-2048x967.jpg 2048w\" sizes=\"(max-width: 2560px) 100vw, 2560px\" \/>\n<div class=\"wp-block-cover__inner-container\"><!-- wp:paragraph {\"align\":\"center\",\"fontSize\":\"large\"} -->\n<p class=\"has-text-align-center has-large-font-size\">\u00a0<\/p>\n<\/div>\n<\/div>\n<!-- \/wp:buttons -->\t\t\t\t\t\t<\/div>\n\t\t\t\t<\/div>\n\t\t\t\t<div class=\"elementor-element elementor-element-c8a8b4e elementor-widget__width-inherit elementor-widget elementor-widget-text-editor\" data-id=\"c8a8b4e\" data-element_type=\"widget\" data-widget_type=\"text-editor.default\">\n\t\t\t\t<div class=\"elementor-widget-container\">\n\t\t\t\t\t\t\t<h1><span style=\"color: #ff0000;\">Envoyer vos ordonnances et vos documents par mail:<\/span><\/h1>\n<h4 style=\"text-align: center;\"><span style=\"color: #00ff00;\">espacesante@pharmaciedesavigny.fr<\/span><\/h4>\n<h4 style=\"text-align: center;\"><span style=\"color: #00ff00; font-size: 54px;\">\u00a0<\/span><\/h4>\t\t\t\t\t\t<\/div>\n\t\t\t\t<\/div>\n\t\t\t\t\t<\/div>\n\t\t<\/div>\n\t\t\t\t\t\t\t<\/div>\n\t\t<\/section>\n\t\t\t\t<section class=\"elementor-section elementor-top-section elementor-element elementor-element-c310ae5 elementor-section-boxed elementor-section-height-default elementor-section-height-default\" data-id=\"c310ae5\" data-element_type=\"section\">\n\t\t\t\t\t\t<div class=\"elementor-container elementor-column-gap-default\">\n\t\t\t\t\t<div class=\"elementor-column elementor-col-100 elementor-top-column elementor-element elementor-element-0d2220f\" data-id=\"0d2220f\" data-element_type=\"column\">\n\t\t\t<div class=\"elementor-widget-wrap elementor-element-populated\">\n\t\t\t\t\t\t\t\t<div class=\"elementor-element elementor-element-603d6d5 elementor-widget elementor-widget-google_maps\" data-id=\"603d6d5\" data-element_type=\"widget\" data-widget_type=\"google_maps.default\">\n\t\t\t\t<div class=\"elementor-widget-container\">\n\t\t\t<style>\/*! elementor - v3.5.5 - 03-02-2022 *\/\n.elementor-widget-google_maps .elementor-widget-container{overflow:hidden}.elementor-widget-google_maps iframe{height:300px}<\/style>\t\t<div class=\"elementor-custom-embed\">\n\t\t\t<iframe frameborder=\"0\" scrolling=\"no\" marginheight=\"0\" marginwidth=\"0\"\n\t\t\t\t\tsrc=\"https:\/\/maps.google.com\/maps?q=pharmacie%20moussin&#038;t=m&#038;z=11&#038;output=embed&#038;iwloc=near\"\n\t\t\t\t\ttitle=\"pharmacie moussin\"\n\t\t\t\t\taria-label=\"pharmacie moussin\"\n\t\t\t><\/iframe>\n\t\t<\/div>\n\t\t\t\t<\/div>\n\t\t\t\t<\/div>\n\t\t\t\t\t<\/div>\n\t\t<\/div>\n\t\t\t\t\t\t\t<\/div>\n\t\t<\/section>\n\t\t\t\t<section class=\"elementor-section elementor-top-section elementor-element elementor-element-d66254c elementor-section-boxed elementor-section-height-default elementor-section-height-default\" data-id=\"d66254c\" data-element_type=\"section\">\n\t\t\t\t\t\t<div class=\"elementor-container elementor-column-gap-default\">\n\t\t\t\t\t<div class=\"elementor-column elementor-col-100 elementor-top-column elementor-element elementor-element-c33c907\" data-id=\"c33c907\" data-element_type=\"column\">\n\t\t\t<div class=\"elementor-widget-wrap\">\n\t\t\t\t\t\t\t\t\t<\/div>\n\t\t<\/div>\n\t\t\t\t\t\t\t<\/div>\n\t\t<\/section>\n\t\t\t\t\t\t<\/div>\n\t\t\t\t\t<\/div>\n\t\t","protected":false},"excerpt":{"rendered":"<p>\u00ab\u00a0\u00c0 la Pharmacie MOUSSIN de Savigny-l\u00e8s-Beaune, votre sant\u00e9 est notre priorit\u00e9. Toute notre \u00e9quipe est \u00e0 votre \u00e9coute et met son expertise de professionnels de sant\u00e9 \u00e0 votre service. En prolongement de cette attention de tous les jours, la Pharmacie MOUSSIN est heureuse de mettre \u00e0 votre disposition son site internet o\u00f9 vous pourrez nous [&hellip;]<\/p>\n","protected":false},"author":1,"featured_media":0,"parent":0,"menu_order":0,"comment_status":"closed","ping_status":"closed","template":"","meta":[],"yoast_head":"<!-- This site is optimized with the Yoast SEO plugin v20.2.1 - https:\/\/yoast.com\/wordpress\/plugins\/seo\/ -->\n<title>Accueil - PHARMACIE MOUSSIN<\/title>\n<meta name=\"robots\" content=\"index, follow, max-snippet:-1, max-image-preview:large, max-video-preview:-1\" \/>\n<link rel=\"canonical\" href=\"https:\/\/serveurdesmouss.synology.me\/wordpress\/\" \/>\n<meta property=\"og:locale\" content=\"fr_FR\" \/>\n<meta property=\"og:type\" content=\"article\" \/>\n<meta property=\"og:title\" content=\"Accueil - PHARMACIE MOUSSIN\" \/>\n<meta property=\"og:description\" content=\"\u00ab\u00a0\u00c0 la Pharmacie MOUSSIN de Savigny-l\u00e8s-Beaune, votre sant\u00e9 est notre priorit\u00e9. Toute notre \u00e9quipe est \u00e0 votre \u00e9coute et met son expertise de professionnels de sant\u00e9 \u00e0 votre service. En prolongement de cette attention de tous les jours, la Pharmacie MOUSSIN est heureuse de mettre \u00e0 votre disposition son site internet o\u00f9 vous pourrez nous [&hellip;]\" \/>\n<meta property=\"og:url\" content=\"https:\/\/serveurdesmouss.synology.me\/wordpress\/\" \/>\n<meta property=\"og:site_name\" content=\"PHARMACIE MOUSSIN\" \/>\n<meta property=\"article:modified_time\" content=\"2024-12-23T04:54:57+00:00\" \/>\n<meta property=\"og:image\" content=\"https:\/\/serveurdesmouss.synology.me\/wordpress\/wp-content\/uploads\/2024\/10\/IMG_20200509_181022-scaled.jpg\" \/>\n<meta name=\"twitter:card\" content=\"summary_large_image\" \/>\n<meta name=\"twitter:label1\" content=\"Dur\u00e9e de lecture estim\u00e9e\" \/>\n\t<meta name=\"twitter:data1\" content=\"1 minute\" \/>\n<script type=\"application\/ld+json\" class=\"yoast-schema-graph\">{\"@context\":\"https:\/\/schema.org\",\"@graph\":[{\"@type\":\"WebPage\",\"@id\":\"https:\/\/serveurdesmouss.synology.me\/wordpress\/\",\"url\":\"https:\/\/serveurdesmouss.synology.me\/wordpress\/\",\"name\":\"Accueil - PHARMACIE MOUSSIN\",\"isPartOf\":{\"@id\":\"https:\/\/serveurdesmouss.synology.me\/wordpress\/#website\"},\"datePublished\":\"2024-10-30T17:46:57+00:00\",\"dateModified\":\"2024-12-23T04:54:57+00:00\",\"breadcrumb\":{\"@id\":\"https:\/\/serveurdesmouss.synology.me\/wordpress\/#breadcrumb\"},\"inLanguage\":\"fr-FR\",\"potentialAction\":[{\"@type\":\"ReadAction\",\"target\":[\"https:\/\/serveurdesmouss.synology.me\/wordpress\/\"]}]},{\"@type\":\"BreadcrumbList\",\"@id\":\"https:\/\/serveurdesmouss.synology.me\/wordpress\/#breadcrumb\",\"itemListElement\":[{\"@type\":\"ListItem\",\"position\":1,\"name\":\"Accueil\",\"item\":\"https:\/\/serveurdesmouss.synology.me\/wordpress\/\"},{\"@type\":\"ListItem\",\"position\":2,\"name\":\"Accueil\"}]},{\"@type\":\"WebSite\",\"@id\":\"https:\/\/serveurdesmouss.synology.me\/wordpress\/#website\",\"url\":\"https:\/\/serveurdesmouss.synology.me\/wordpress\/\",\"name\":\"www.pharmacie-de-savigny-les-beaune.fr\",\"description\":\"\",\"publisher\":{\"@id\":\"https:\/\/serveurdesmouss.synology.me\/wordpress\/#organization\"},\"potentialAction\":[{\"@type\":\"SearchAction\",\"target\":{\"@type\":\"EntryPoint\",\"urlTemplate\":\"https:\/\/serveurdesmouss.synology.me\/wordpress\/?s={search_term_string}\"},\"query-input\":\"required name=search_term_string\"}],\"inLanguage\":\"fr-FR\"},{\"@type\":\"Organization\",\"@id\":\"https:\/\/serveurdesmouss.synology.me\/wordpress\/#organization\",\"name\":\"www.pharmacie-de-savigny-les-beaune.fr\",\"url\":\"https:\/\/serveurdesmouss.synology.me\/wordpress\/\",\"logo\":{\"@type\":\"ImageObject\",\"inLanguage\":\"fr-FR\",\"@id\":\"https:\/\/serveurdesmouss.synology.me\/wordpress\/#\/schema\/logo\/image\/\",\"url\":\"https:\/\/serveurdesmouss.synology.me\/wordpress\/wp-content\/uploads\/2024\/10\/cropped-logo.jpg\",\"contentUrl\":\"https:\/\/serveurdesmouss.synology.me\/wordpress\/wp-content\/uploads\/2024\/10\/cropped-logo.jpg\",\"width\":818,\"height\":142,\"caption\":\"www.pharmacie-de-savigny-les-beaune.fr\"},\"image\":{\"@id\":\"https:\/\/serveurdesmouss.synology.me\/wordpress\/#\/schema\/logo\/image\/\"}}]}<\/script>\n<!-- \/ Yoast SEO plugin. -->","yoast_head_json":{"title":"Accueil - PHARMACIE MOUSSIN","robots":{"index":"index","follow":"follow","max-snippet":"max-snippet:-1","max-image-preview":"max-image-preview:large","max-video-preview":"max-video-preview:-1"},"canonical":"https:\/\/serveurdesmouss.synology.me\/wordpress\/","og_locale":"fr_FR","og_type":"article","og_title":"Accueil - PHARMACIE MOUSSIN","og_description":"\u00ab\u00a0\u00c0 la Pharmacie MOUSSIN de Savigny-l\u00e8s-Beaune, votre sant\u00e9 est notre priorit\u00e9. Toute notre \u00e9quipe est \u00e0 votre \u00e9coute et met son expertise de professionnels de sant\u00e9 \u00e0 votre service. En prolongement de cette attention de tous les jours, la Pharmacie MOUSSIN est heureuse de mettre \u00e0 votre disposition son site internet o\u00f9 vous pourrez nous [&hellip;]","og_url":"https:\/\/serveurdesmouss.synology.me\/wordpress\/","og_site_name":"PHARMACIE MOUSSIN","article_modified_time":"2024-12-23T04:54:57+00:00","og_image":[{"url":"https:\/\/serveurdesmouss.synology.me\/wordpress\/wp-content\/uploads\/2024\/10\/IMG_20200509_181022-scaled.jpg"}],"twitter_card":"summary_large_image","twitter_misc":{"Dur\u00e9e de lecture estim\u00e9e":"1 minute"},"schema":{"@context":"https:\/\/schema.org","@graph":[{"@type":"WebPage","@id":"https:\/\/serveurdesmouss.synology.me\/wordpress\/","url":"https:\/\/serveurdesmouss.synology.me\/wordpress\/","name":"Accueil - PHARMACIE MOUSSIN","isPartOf":{"@id":"https:\/\/serveurdesmouss.synology.me\/wordpress\/#website"},"datePublished":"2024-10-30T17:46:57+00:00","dateModified":"2024-12-23T04:54:57+00:00","breadcrumb":{"@id":"https:\/\/serveurdesmouss.synology.me\/wordpress\/#breadcrumb"},"inLanguage":"fr-FR","potentialAction":[{"@type":"ReadAction","target":["https:\/\/serveurdesmouss.synology.me\/wordpress\/"]}]},{"@type":"BreadcrumbList","@id":"https:\/\/serveurdesmouss.synology.me\/wordpress\/#breadcrumb","itemListElement":[{"@type":"ListItem","position":1,"name":"Accueil","item":"https:\/\/serveurdesmouss.synology.me\/wordpress\/"},{"@type":"ListItem","position":2,"name":"Accueil"}]},{"@type":"WebSite","@id":"https:\/\/serveurdesmouss.synology.me\/wordpress\/#website","url":"https:\/\/serveurdesmouss.synology.me\/wordpress\/","name":"www.pharmacie-de-savigny-les-beaune.fr","description":"","publisher":{"@id":"https:\/\/serveurdesmouss.synology.me\/wordpress\/#organization"},"potentialAction":[{"@type":"SearchAction","target":{"@type":"EntryPoint","urlTemplate":"https:\/\/serveurdesmouss.synology.me\/wordpress\/?s={search_term_string}"},"query-input":"required name=search_term_string"}],"inLanguage":"fr-FR"},{"@type":"Organization","@id":"https:\/\/serveurdesmouss.synology.me\/wordpress\/#organization","name":"www.pharmacie-de-savigny-les-beaune.fr","url":"https:\/\/serveurdesmouss.synology.me\/wordpress\/","logo":{"@type":"ImageObject","inLanguage":"fr-FR","@id":"https:\/\/serveurdesmouss.synology.me\/wordpress\/#\/schema\/logo\/image\/","url":"https:\/\/serveurdesmouss.synology.me\/wordpress\/wp-content\/uploads\/2024\/10\/cropped-logo.jpg","contentUrl":"https:\/\/serveurdesmouss.synology.me\/wordpress\/wp-content\/uploads\/2024\/10\/cropped-logo.jpg","width":818,"height":142,"caption":"www.pharmacie-de-savigny-les-beaune.fr"},"image":{"@id":"https:\/\/serveurdesmouss.synology.me\/wordpress\/#\/schema\/logo\/image\/"}}]}},"_links":{"self":[{"href":"https:\/\/serveurdesmouss.synology.me\/wordpress\/index.php\/wp-json\/wp\/v2\/pages\/34"}],"collection":[{"href":"https:\/\/serveurdesmouss.synology.me\/wordpress\/index.php\/wp-json\/wp\/v2\/pages"}],"about":[{"href":"https:\/\/serveurdesmouss.synology.me\/wordpress\/index.php\/wp-json\/wp\/v2\/types\/page"}],"author":[{"embeddable":true,"href":"https:\/\/serveurdesmouss.synology.me\/wordpress\/index.php\/wp-json\/wp\/v2\/users\/1"}],"replies":[{"embeddable":true,"href":"https:\/\/serveurdesmouss.synology.me\/wordpress\/index.php\/wp-json\/wp\/v2\/comments?post=34"}],"version-history":[{"count":63,"href":"https:\/\/serveurdesmouss.synology.me\/wordpress\/index.php\/wp-json\/wp\/v2\/pages\/34\/revisions"}],"predecessor-version":[{"id":199,"href":"https:\/\/serveurdesmouss.synology.me\/wordpress\/index.php\/wp-json\/wp\/v2\/pages\/34\/revisions\/199"}],"wp:attachment":[{"href":"https:\/\/serveurdesmouss.synology.me\/wordpress\/index.php\/wp-json\/wp\/v2\/media?parent=34"}],"curies":[{"name":"wp","href":"https:\/\/api.w.org\/{rel}","templated":true}]}}