{"id":21,"date":"2024-10-30T17:35:43","date_gmt":"2024-10-30T16:35:43","guid":{"rendered":"https:\/\/serveurdesmouss.synology.me\/wordpress\/?page_id=21"},"modified":"2024-11-01T17:29:11","modified_gmt":"2024-11-01T16:29:11","slug":"conseils-sante","status":"publish","type":"page","link":"https:\/\/serveurdesmouss.synology.me\/wordpress\/index.php\/conseils-sante\/","title":{"rendered":"Conseils Sant\u00e9"},"content":{"rendered":"\t\t<div data-elementor-type=\"wp-page\" data-elementor-id=\"21\" class=\"elementor elementor-21\" data-elementor-settings=\"[]\">\n\t\t\t\t\t\t\t<div class=\"elementor-section-wrap\">\n\t\t\t\t\t\t\t<section class=\"elementor-section elementor-top-section elementor-element elementor-element-30c46605 elementor-section-boxed elementor-section-height-default elementor-section-height-default\" data-id=\"30c46605\" data-element_type=\"section\">\n\t\t\t\t\t\t<div class=\"elementor-container elementor-column-gap-default\">\n\t\t\t\t\t<div class=\"elementor-column elementor-col-100 elementor-top-column elementor-element elementor-element-4b858887\" data-id=\"4b858887\" data-element_type=\"column\">\n\t\t\t<div class=\"elementor-widget-wrap elementor-element-populated\">\n\t\t\t\t\t\t\t\t<div class=\"elementor-element elementor-element-7ae306e2 elementor-widget elementor-widget-text-editor\" data-id=\"7ae306e2\" data-element_type=\"widget\" data-widget_type=\"text-editor.default\">\n\t\t\t\t<div class=\"elementor-widget-container\">\n\t\t\t<style>\/*! elementor - v3.5.5 - 03-02-2022 *\/\n.elementor-widget-text-editor.elementor-drop-cap-view-stacked .elementor-drop-cap{background-color:#818a91;color:#fff}.elementor-widget-text-editor.elementor-drop-cap-view-framed .elementor-drop-cap{color:#818a91;border:3px solid;background-color:transparent}.elementor-widget-text-editor:not(.elementor-drop-cap-view-default) .elementor-drop-cap{margin-top:8px}.elementor-widget-text-editor:not(.elementor-drop-cap-view-default) .elementor-drop-cap-letter{width:1em;height:1em}.elementor-widget-text-editor .elementor-drop-cap{float:left;text-align:center;line-height:1;font-size:50px}.elementor-widget-text-editor .elementor-drop-cap-letter{display:inline-block}<\/style>\t\t\t\t<p><!-- wp:paragraph --><\/p>\n<ul>\n<li>\n<h2>\u00ab\u00a0\u00c0 la Pharmacie MOUSSIN, nous mettons un point d\u2019honneur \u00e0 vous offrir des conseils sant\u00e9 personnalis\u00e9s et adapt\u00e9s \u00e0 vos besoins. Notre \u00e9quipe de professionnels de sant\u00e9 est \u00e0 votre disposition pour vous guider dans le choix de vos traitements, vous conseiller sur la pr\u00e9vention et le bien-\u00eatre, et r\u00e9pondre \u00e0 toutes vos questions de sant\u00e9. Que ce soit pour des conseils sur les m\u00e9dicaments, la nutrition, ou des solutions naturelles, nous sommes l\u00e0 pour vous accompagner dans votre parcours de sant\u00e9.\u00a0\u00bb<\/h2>\n<\/li>\n<\/ul>\n<p><!-- \/wp:paragraph --><\/p>\t\t\t\t\t\t<\/div>\n\t\t\t\t<\/div>\n\t\t\t\t\t<\/div>\n\t\t<\/div>\n\t\t\t\t\t\t\t<\/div>\n\t\t<\/section>\n\t\t\t\t\t\t<\/div>\n\t\t\t\t\t<\/div>\n\t\t","protected":false},"excerpt":{"rendered":"<p>\u00ab\u00a0\u00c0 la Pharmacie MOUSSIN, nous mettons un point d\u2019honneur \u00e0 vous offrir des conseils sant\u00e9 personnalis\u00e9s et adapt\u00e9s \u00e0 vos besoins. Notre \u00e9quipe de professionnels de sant\u00e9 est \u00e0 votre disposition pour vous guider dans le choix de vos traitements, vous conseiller sur la pr\u00e9vention et le bien-\u00eatre, et r\u00e9pondre \u00e0 toutes vos questions de [&hellip;]<\/p>\n","protected":false},"author":1,"featured_media":0,"parent":0,"menu_order":0,"comment_status":"closed","ping_status":"closed","template":"","meta":[],"yoast_head":"<!-- This site is optimized with the Yoast SEO plugin v20.2.1 - https:\/\/yoast.com\/wordpress\/plugins\/seo\/ -->\n<title>Conseils Sant\u00e9 - PHARMACIE MOUSSIN<\/title>\n<meta name=\"robots\" content=\"index, follow, max-snippet:-1, max-image-preview:large, max-video-preview:-1\" \/>\n<link rel=\"canonical\" href=\"https:\/\/serveurdesmouss.synology.me\/wordpress\/index.php\/conseils-sante\/\" \/>\n<meta property=\"og:locale\" content=\"fr_FR\" \/>\n<meta property=\"og:type\" content=\"article\" \/>\n<meta property=\"og:title\" content=\"Conseils Sant\u00e9 - PHARMACIE MOUSSIN\" \/>\n<meta property=\"og:description\" content=\"\u00ab\u00a0\u00c0 la Pharmacie MOUSSIN, nous mettons un point d\u2019honneur \u00e0 vous offrir des conseils sant\u00e9 personnalis\u00e9s et adapt\u00e9s \u00e0 vos besoins. Notre \u00e9quipe de professionnels de sant\u00e9 est \u00e0 votre disposition pour vous guider dans le choix de vos traitements, vous conseiller sur la pr\u00e9vention et le bien-\u00eatre, et r\u00e9pondre \u00e0 toutes vos questions de [&hellip;]\" \/>\n<meta property=\"og:url\" content=\"https:\/\/serveurdesmouss.synology.me\/wordpress\/index.php\/conseils-sante\/\" \/>\n<meta property=\"og:site_name\" content=\"PHARMACIE MOUSSIN\" \/>\n<meta property=\"article:modified_time\" content=\"2024-11-01T16:29:11+00:00\" \/>\n<meta name=\"twitter:card\" content=\"summary_large_image\" \/>\n<meta name=\"twitter:label1\" content=\"Dur\u00e9e de lecture estim\u00e9e\" \/>\n\t<meta name=\"twitter:data1\" content=\"1 minute\" \/>\n<script type=\"application\/ld+json\" class=\"yoast-schema-graph\">{\"@context\":\"https:\/\/schema.org\",\"@graph\":[{\"@type\":\"WebPage\",\"@id\":\"https:\/\/serveurdesmouss.synology.me\/wordpress\/index.php\/conseils-sante\/\",\"url\":\"https:\/\/serveurdesmouss.synology.me\/wordpress\/index.php\/conseils-sante\/\",\"name\":\"Conseils Sant\u00e9 - PHARMACIE MOUSSIN\",\"isPartOf\":{\"@id\":\"https:\/\/serveurdesmouss.synology.me\/wordpress\/#website\"},\"datePublished\":\"2024-10-30T16:35:43+00:00\",\"dateModified\":\"2024-11-01T16:29:11+00:00\",\"breadcrumb\":{\"@id\":\"https:\/\/serveurdesmouss.synology.me\/wordpress\/index.php\/conseils-sante\/#breadcrumb\"},\"inLanguage\":\"fr-FR\",\"potentialAction\":[{\"@type\":\"ReadAction\",\"target\":[\"https:\/\/serveurdesmouss.synology.me\/wordpress\/index.php\/conseils-sante\/\"]}]},{\"@type\":\"BreadcrumbList\",\"@id\":\"https:\/\/serveurdesmouss.synology.me\/wordpress\/index.php\/conseils-sante\/#breadcrumb\",\"itemListElement\":[{\"@type\":\"ListItem\",\"position\":1,\"name\":\"Accueil\",\"item\":\"https:\/\/serveurdesmouss.synology.me\/wordpress\/\"},{\"@type\":\"ListItem\",\"position\":2,\"name\":\"Conseils Sant\u00e9\"}]},{\"@type\":\"WebSite\",\"@id\":\"https:\/\/serveurdesmouss.synology.me\/wordpress\/#website\",\"url\":\"https:\/\/serveurdesmouss.synology.me\/wordpress\/\",\"name\":\"www.pharmacie-de-savigny-les-beaune.fr\",\"description\":\"\",\"publisher\":{\"@id\":\"https:\/\/serveurdesmouss.synology.me\/wordpress\/#organization\"},\"potentialAction\":[{\"@type\":\"SearchAction\",\"target\":{\"@type\":\"EntryPoint\",\"urlTemplate\":\"https:\/\/serveurdesmouss.synology.me\/wordpress\/?s={search_term_string}\"},\"query-input\":\"required name=search_term_string\"}],\"inLanguage\":\"fr-FR\"},{\"@type\":\"Organization\",\"@id\":\"https:\/\/serveurdesmouss.synology.me\/wordpress\/#organization\",\"name\":\"www.pharmacie-de-savigny-les-beaune.fr\",\"url\":\"https:\/\/serveurdesmouss.synology.me\/wordpress\/\",\"logo\":{\"@type\":\"ImageObject\",\"inLanguage\":\"fr-FR\",\"@id\":\"https:\/\/serveurdesmouss.synology.me\/wordpress\/#\/schema\/logo\/image\/\",\"url\":\"https:\/\/serveurdesmouss.synology.me\/wordpress\/wp-content\/uploads\/2024\/10\/cropped-logo.jpg\",\"contentUrl\":\"https:\/\/serveurdesmouss.synology.me\/wordpress\/wp-content\/uploads\/2024\/10\/cropped-logo.jpg\",\"width\":818,\"height\":142,\"caption\":\"www.pharmacie-de-savigny-les-beaune.fr\"},\"image\":{\"@id\":\"https:\/\/serveurdesmouss.synology.me\/wordpress\/#\/schema\/logo\/image\/\"}}]}<\/script>\n<!-- \/ Yoast SEO plugin. -->","yoast_head_json":{"title":"Conseils Sant\u00e9 - PHARMACIE MOUSSIN","robots":{"index":"index","follow":"follow","max-snippet":"max-snippet:-1","max-image-preview":"max-image-preview:large","max-video-preview":"max-video-preview:-1"},"canonical":"https:\/\/serveurdesmouss.synology.me\/wordpress\/index.php\/conseils-sante\/","og_locale":"fr_FR","og_type":"article","og_title":"Conseils Sant\u00e9 - PHARMACIE MOUSSIN","og_description":"\u00ab\u00a0\u00c0 la Pharmacie MOUSSIN, nous mettons un point d\u2019honneur \u00e0 vous offrir des conseils sant\u00e9 personnalis\u00e9s et adapt\u00e9s \u00e0 vos besoins. Notre \u00e9quipe de professionnels de sant\u00e9 est \u00e0 votre disposition pour vous guider dans le choix de vos traitements, vous conseiller sur la pr\u00e9vention et le bien-\u00eatre, et r\u00e9pondre \u00e0 toutes vos questions de [&hellip;]","og_url":"https:\/\/serveurdesmouss.synology.me\/wordpress\/index.php\/conseils-sante\/","og_site_name":"PHARMACIE MOUSSIN","article_modified_time":"2024-11-01T16:29:11+00:00","twitter_card":"summary_large_image","twitter_misc":{"Dur\u00e9e de lecture estim\u00e9e":"1 minute"},"schema":{"@context":"https:\/\/schema.org","@graph":[{"@type":"WebPage","@id":"https:\/\/serveurdesmouss.synology.me\/wordpress\/index.php\/conseils-sante\/","url":"https:\/\/serveurdesmouss.synology.me\/wordpress\/index.php\/conseils-sante\/","name":"Conseils Sant\u00e9 - PHARMACIE MOUSSIN","isPartOf":{"@id":"https:\/\/serveurdesmouss.synology.me\/wordpress\/#website"},"datePublished":"2024-10-30T16:35:43+00:00","dateModified":"2024-11-01T16:29:11+00:00","breadcrumb":{"@id":"https:\/\/serveurdesmouss.synology.me\/wordpress\/index.php\/conseils-sante\/#breadcrumb"},"inLanguage":"fr-FR","potentialAction":[{"@type":"ReadAction","target":["https:\/\/serveurdesmouss.synology.me\/wordpress\/index.php\/conseils-sante\/"]}]},{"@type":"BreadcrumbList","@id":"https:\/\/serveurdesmouss.synology.me\/wordpress\/index.php\/conseils-sante\/#breadcrumb","itemListElement":[{"@type":"ListItem","position":1,"name":"Accueil","item":"https:\/\/serveurdesmouss.synology.me\/wordpress\/"},{"@type":"ListItem","position":2,"name":"Conseils Sant\u00e9"}]},{"@type":"WebSite","@id":"https:\/\/serveurdesmouss.synology.me\/wordpress\/#website","url":"https:\/\/serveurdesmouss.synology.me\/wordpress\/","name":"www.pharmacie-de-savigny-les-beaune.fr","description":"","publisher":{"@id":"https:\/\/serveurdesmouss.synology.me\/wordpress\/#organization"},"potentialAction":[{"@type":"SearchAction","target":{"@type":"EntryPoint","urlTemplate":"https:\/\/serveurdesmouss.synology.me\/wordpress\/?s={search_term_string}"},"query-input":"required name=search_term_string"}],"inLanguage":"fr-FR"},{"@type":"Organization","@id":"https:\/\/serveurdesmouss.synology.me\/wordpress\/#organization","name":"www.pharmacie-de-savigny-les-beaune.fr","url":"https:\/\/serveurdesmouss.synology.me\/wordpress\/","logo":{"@type":"ImageObject","inLanguage":"fr-FR","@id":"https:\/\/serveurdesmouss.synology.me\/wordpress\/#\/schema\/logo\/image\/","url":"https:\/\/serveurdesmouss.synology.me\/wordpress\/wp-content\/uploads\/2024\/10\/cropped-logo.jpg","contentUrl":"https:\/\/serveurdesmouss.synology.me\/wordpress\/wp-content\/uploads\/2024\/10\/cropped-logo.jpg","width":818,"height":142,"caption":"www.pharmacie-de-savigny-les-beaune.fr"},"image":{"@id":"https:\/\/serveurdesmouss.synology.me\/wordpress\/#\/schema\/logo\/image\/"}}]}},"_links":{"self":[{"href":"https:\/\/serveurdesmouss.synology.me\/wordpress\/index.php\/wp-json\/wp\/v2\/pages\/21"}],"collection":[{"href":"https:\/\/serveurdesmouss.synology.me\/wordpress\/index.php\/wp-json\/wp\/v2\/pages"}],"about":[{"href":"https:\/\/serveurdesmouss.synology.me\/wordpress\/index.php\/wp-json\/wp\/v2\/types\/page"}],"author":[{"embeddable":true,"href":"https:\/\/serveurdesmouss.synology.me\/wordpress\/index.php\/wp-json\/wp\/v2\/users\/1"}],"replies":[{"embeddable":true,"href":"https:\/\/serveurdesmouss.synology.me\/wordpress\/index.php\/wp-json\/wp\/v2\/comments?post=21"}],"version-history":[{"count":5,"href":"https:\/\/serveurdesmouss.synology.me\/wordpress\/index.php\/wp-json\/wp\/v2\/pages\/21\/revisions"}],"predecessor-version":[{"id":112,"href":"https:\/\/serveurdesmouss.synology.me\/wordpress\/index.php\/wp-json\/wp\/v2\/pages\/21\/revisions\/112"}],"wp:attachment":[{"href":"https:\/\/serveurdesmouss.synology.me\/wordpress\/index.php\/wp-json\/wp\/v2\/media?parent=21"}],"curies":[{"name":"wp","href":"https:\/\/api.w.org\/{rel}","templated":true}]}}