{"id":13,"date":"2024-10-30T17:32:56","date_gmt":"2024-10-30T16:32:56","guid":{"rendered":"https:\/\/serveurdesmouss.synology.me\/wordpress\/?page_id=13"},"modified":"2024-11-01T17:59:54","modified_gmt":"2024-11-01T16:59:54","slug":"nos-services","status":"publish","type":"page","link":"https:\/\/serveurdesmouss.synology.me\/wordpress\/index.php\/nos-services\/","title":{"rendered":"Nos services"},"content":{"rendered":"\t\t<div data-elementor-type=\"wp-page\" data-elementor-id=\"13\" class=\"elementor elementor-13\" data-elementor-settings=\"[]\">\n\t\t\t\t\t\t\t<div class=\"elementor-section-wrap\">\n\t\t\t\t\t\t\t<section class=\"elementor-section elementor-top-section elementor-element elementor-element-f63ed4d elementor-section-boxed elementor-section-height-default elementor-section-height-default\" data-id=\"f63ed4d\" data-element_type=\"section\">\n\t\t\t\t\t\t<div class=\"elementor-container elementor-column-gap-default\">\n\t\t\t\t\t<div class=\"elementor-column elementor-col-100 elementor-top-column elementor-element elementor-element-5441664\" data-id=\"5441664\" data-element_type=\"column\">\n\t\t\t<div class=\"elementor-widget-wrap elementor-element-populated\">\n\t\t\t\t\t\t\t\t<div class=\"elementor-element elementor-element-8aa8d05 elementor-widget elementor-widget-text-editor\" data-id=\"8aa8d05\" data-element_type=\"widget\" data-widget_type=\"text-editor.default\">\n\t\t\t\t<div class=\"elementor-widget-container\">\n\t\t\t<style>\/*! elementor - v3.5.5 - 03-02-2022 *\/\n.elementor-widget-text-editor.elementor-drop-cap-view-stacked .elementor-drop-cap{background-color:#818a91;color:#fff}.elementor-widget-text-editor.elementor-drop-cap-view-framed .elementor-drop-cap{color:#818a91;border:3px solid;background-color:transparent}.elementor-widget-text-editor:not(.elementor-drop-cap-view-default) .elementor-drop-cap{margin-top:8px}.elementor-widget-text-editor:not(.elementor-drop-cap-view-default) .elementor-drop-cap-letter{width:1em;height:1em}.elementor-widget-text-editor .elementor-drop-cap{float:left;text-align:center;line-height:1;font-size:50px}.elementor-widget-text-editor .elementor-drop-cap-letter{display:inline-block}<\/style>\t\t\t\t<p class=\"MsoNormal\"><b><span style=\"font-size: 14.0pt; line-height: 107%;\">Prise de Tension<\/span><\/b><\/p><p class=\"MsoNormal\">Si vous ne poss\u00e9dez pas de tensiom\u00e8tre ou ne consultez pas r\u00e9guli\u00e8rement votre m\u00e9decin, venez v\u00e9rifier votre tension gratuitement \u00e0 la pharmacie.<\/p><p class=\"MsoNormal\">\u00a0<\/p><p class=\"MsoNormal\"><b><span style=\"font-size: 14.0pt; line-height: 107%;\">Vente et Location de Mat\u00e9riel M\u00e9dical\u00a0<\/span><\/b><\/p><p class=\"MsoNormal\">Pour vous aider \u00e0 conserver autonomie et mobilit\u00e9, nous proposons des solutions sur-mesure : vente, location de mat\u00e9riel m\u00e9dical ou am\u00e9nagement de domicile. Notre \u00e9quipe saura vous guider vers l\u2019\u00e9quipement le plus adapt\u00e9 \u00e0 vos besoins.<\/p><p class=\"MsoNormal\">\u00a0<\/p><p class=\"MsoNormal\"><b><span style=\"font-size: 14.0pt; line-height: 107%;\">Entretiens Pharmaceutiques<\/span><\/b><\/p><p class=\"MsoNormal\">Nous r\u00e9alisons des entretiens pour un suivi personnalis\u00e9 : asthme, anticoagulants, diab\u00e8te, traitements de cancer, arr\u00eat du tabac, bilans de m\u00e9dication, etc. Ces entretiens sont l\u2019occasion de r\u00e9pondre \u00e0 vos questions et, si n\u00e9cessaire, de contacter votre m\u00e9decin pour ajuster vos soins.<\/p><p class=\"MsoNormal\">\u00a0<\/p><p class=\"MsoNormal\"><b><span style=\"font-size: 14.0pt; line-height: 107%;\">Maintien \u00e0 Domicile<\/span><\/b><\/p><p class=\"MsoNormal\">En cas de perte d\u2019autonomie, nous vous accompagnons dans les d\u00e9marches pour le maintien \u00e0 domicile. Que ce soit pour une convalescence, une pathologie temporaire ou une perte d\u2019autonomie plus avanc\u00e9e, nous offrons des solutions pour un environnement s\u00e9curis\u00e9 et adapt\u00e9 \u00e0 vos besoins.<\/p><p class=\"MsoNormal\">\u00a0<\/p><p class=\"MsoNormal\"><b><span style=\"font-size: 14.0pt; line-height: 107%;\">Collecte des DASRI et M\u00e9dicaments P\u00e9rim\u00e9s<\/span><\/b><\/p><p class=\"MsoNormal\">Nous r\u00e9cup\u00e9rons vos m\u00e9dicaments p\u00e9rim\u00e9s ou non utilis\u00e9s ainsi que les d\u00e9chets de soins (DASRI) pour un traitement \u00e9coresponsable en collaboration avec Cyclamed*, assurant ainsi leur \u00e9limination ou valorisation \u00e9nerg\u00e9tique.<\/p><p class=\"MsoNormal\">\u00a0<\/p><p class=\"MsoNormal\"><b><span style=\"font-size: 14.0pt; line-height: 107%;\">Mise \u00e0 Jour de la Carte Vitale<\/span><\/b><\/p><p class=\"MsoNormal\">Mettez \u00e0 jour gratuitement votre carte Vitale dans notre pharmacie pour garantir la prise en charge de vos soins et faciliter vos remboursements.<\/p><p class=\"MsoNormal\">\u00a0<\/p><p class=\"MsoNormal\"><b><span style=\"font-size: 14.0pt; line-height: 107%;\">Accompagnement Th\u00e9rapeutique<\/span><\/b><\/p><p class=\"MsoNormal\">Notre service d\u2019accompagnement th\u00e9rapeutique aide \u00e0 mieux comprendre l\u2019action de vos traitements et \u00e0 optimiser leur suivi pour pr\u00e9venir les effets ind\u00e9sirables et renforcer l\u2019observance des traitements.<\/p><p class=\"MsoNormal\">\u00a0<\/p><p class=\"MsoNormal\"><b><span style=\"font-size: 14.0pt; line-height: 107%;\">Conseil en Micronutrition et Compl\u00e9ments Alimentaires<\/span><\/b><\/p><p class=\"MsoNormal\">Nous vous conseillons sur les compl\u00e9ments alimentaires et la micronutrition pour combler d\u2019\u00e9ventuelles carences et optimiser votre bien-\u00eatre.<\/p><p class=\"MsoNormal\">\u00a0<\/p><p class=\"MsoNormal\"><b><span style=\"font-size: 14.0pt; line-height: 107%;\">Aromath\u00e9rapie et Phytoth\u00e9rapie<\/span><\/b><\/p><p class=\"MsoNormal\">D\u00e9couvrez nos conseils en aromath\u00e9rapie et phytoth\u00e9rapie pour une approche naturelle de la sant\u00e9 gr\u00e2ce aux bienfaits des plantes et des huiles essentielles.<\/p><p class=\"MsoNormal\">\u00a0<\/p><p class=\"MsoNormal\"><b><span style=\"font-size: 14.0pt; line-height: 107%;\">Vaccination en Pharmacie<\/span><\/b><\/p><p class=\"MsoNormal\">Pour votre confort, nous proposons la vaccination directement en pharmacie. N\u2019h\u00e9sitez pas \u00e0 prendre rendez-vous pour la vaccination antigrippale.<\/p><p class=\"MsoNormal\">\u00a0<\/p><p class=\"MsoNormal\">\u00a0<\/p><p class=\"MsoNormal\">\u00a0<\/p><p>\u00a0<\/p><p class=\"MsoNormal\" style=\"text-align: center;\" align=\"center\">Ces services visent \u00e0 am\u00e9liorer la sant\u00e9 et le confort de nos patients, tout en r\u00e9pondant aux besoins de pr\u00e9vention et de suivi th\u00e9rapeutique.<\/p>\t\t\t\t\t\t<\/div>\n\t\t\t\t<\/div>\n\t\t\t\t\t<\/div>\n\t\t<\/div>\n\t\t\t\t\t\t\t<\/div>\n\t\t<\/section>\n\t\t\t\t\t\t<\/div>\n\t\t\t\t\t<\/div>\n\t\t","protected":false},"excerpt":{"rendered":"<p>Prise de Tension Si vous ne poss\u00e9dez pas de tensiom\u00e8tre ou ne consultez pas r\u00e9guli\u00e8rement votre m\u00e9decin, venez v\u00e9rifier votre tension gratuitement \u00e0 la pharmacie. \u00a0 Vente et Location de Mat\u00e9riel M\u00e9dical\u00a0 Pour vous aider \u00e0 conserver autonomie et mobilit\u00e9, nous proposons des solutions sur-mesure : vente, location de mat\u00e9riel m\u00e9dical ou am\u00e9nagement de domicile. [&hellip;]<\/p>\n","protected":false},"author":1,"featured_media":0,"parent":0,"menu_order":0,"comment_status":"closed","ping_status":"closed","template":"","meta":[],"yoast_head":"<!-- This site is optimized with the Yoast SEO plugin v20.2.1 - https:\/\/yoast.com\/wordpress\/plugins\/seo\/ -->\n<title>Nos services - PHARMACIE MOUSSIN<\/title>\n<meta name=\"robots\" content=\"index, follow, max-snippet:-1, max-image-preview:large, max-video-preview:-1\" \/>\n<link rel=\"canonical\" href=\"https:\/\/serveurdesmouss.synology.me\/wordpress\/index.php\/nos-services\/\" \/>\n<meta property=\"og:locale\" content=\"fr_FR\" \/>\n<meta property=\"og:type\" content=\"article\" \/>\n<meta property=\"og:title\" content=\"Nos services - PHARMACIE MOUSSIN\" \/>\n<meta property=\"og:description\" content=\"Prise de Tension Si vous ne poss\u00e9dez pas de tensiom\u00e8tre ou ne consultez pas r\u00e9guli\u00e8rement votre m\u00e9decin, venez v\u00e9rifier votre tension gratuitement \u00e0 la pharmacie. \u00a0 Vente et Location de Mat\u00e9riel M\u00e9dical\u00a0 Pour vous aider \u00e0 conserver autonomie et mobilit\u00e9, nous proposons des solutions sur-mesure : vente, location de mat\u00e9riel m\u00e9dical ou am\u00e9nagement de domicile. [&hellip;]\" \/>\n<meta property=\"og:url\" content=\"https:\/\/serveurdesmouss.synology.me\/wordpress\/index.php\/nos-services\/\" \/>\n<meta property=\"og:site_name\" content=\"PHARMACIE MOUSSIN\" \/>\n<meta property=\"article:modified_time\" content=\"2024-11-01T16:59:54+00:00\" \/>\n<meta name=\"twitter:card\" content=\"summary_large_image\" \/>\n<meta name=\"twitter:label1\" content=\"Dur\u00e9e de lecture estim\u00e9e\" \/>\n\t<meta name=\"twitter:data1\" content=\"2 minutes\" \/>\n<script type=\"application\/ld+json\" class=\"yoast-schema-graph\">{\"@context\":\"https:\/\/schema.org\",\"@graph\":[{\"@type\":\"WebPage\",\"@id\":\"https:\/\/serveurdesmouss.synology.me\/wordpress\/index.php\/nos-services\/\",\"url\":\"https:\/\/serveurdesmouss.synology.me\/wordpress\/index.php\/nos-services\/\",\"name\":\"Nos services - PHARMACIE MOUSSIN\",\"isPartOf\":{\"@id\":\"https:\/\/serveurdesmouss.synology.me\/wordpress\/#website\"},\"datePublished\":\"2024-10-30T16:32:56+00:00\",\"dateModified\":\"2024-11-01T16:59:54+00:00\",\"breadcrumb\":{\"@id\":\"https:\/\/serveurdesmouss.synology.me\/wordpress\/index.php\/nos-services\/#breadcrumb\"},\"inLanguage\":\"fr-FR\",\"potentialAction\":[{\"@type\":\"ReadAction\",\"target\":[\"https:\/\/serveurdesmouss.synology.me\/wordpress\/index.php\/nos-services\/\"]}]},{\"@type\":\"BreadcrumbList\",\"@id\":\"https:\/\/serveurdesmouss.synology.me\/wordpress\/index.php\/nos-services\/#breadcrumb\",\"itemListElement\":[{\"@type\":\"ListItem\",\"position\":1,\"name\":\"Accueil\",\"item\":\"https:\/\/serveurdesmouss.synology.me\/wordpress\/\"},{\"@type\":\"ListItem\",\"position\":2,\"name\":\"Nos services\"}]},{\"@type\":\"WebSite\",\"@id\":\"https:\/\/serveurdesmouss.synology.me\/wordpress\/#website\",\"url\":\"https:\/\/serveurdesmouss.synology.me\/wordpress\/\",\"name\":\"www.pharmacie-de-savigny-les-beaune.fr\",\"description\":\"\",\"publisher\":{\"@id\":\"https:\/\/serveurdesmouss.synology.me\/wordpress\/#organization\"},\"potentialAction\":[{\"@type\":\"SearchAction\",\"target\":{\"@type\":\"EntryPoint\",\"urlTemplate\":\"https:\/\/serveurdesmouss.synology.me\/wordpress\/?s={search_term_string}\"},\"query-input\":\"required name=search_term_string\"}],\"inLanguage\":\"fr-FR\"},{\"@type\":\"Organization\",\"@id\":\"https:\/\/serveurdesmouss.synology.me\/wordpress\/#organization\",\"name\":\"www.pharmacie-de-savigny-les-beaune.fr\",\"url\":\"https:\/\/serveurdesmouss.synology.me\/wordpress\/\",\"logo\":{\"@type\":\"ImageObject\",\"inLanguage\":\"fr-FR\",\"@id\":\"https:\/\/serveurdesmouss.synology.me\/wordpress\/#\/schema\/logo\/image\/\",\"url\":\"https:\/\/serveurdesmouss.synology.me\/wordpress\/wp-content\/uploads\/2024\/10\/cropped-logo.jpg\",\"contentUrl\":\"https:\/\/serveurdesmouss.synology.me\/wordpress\/wp-content\/uploads\/2024\/10\/cropped-logo.jpg\",\"width\":818,\"height\":142,\"caption\":\"www.pharmacie-de-savigny-les-beaune.fr\"},\"image\":{\"@id\":\"https:\/\/serveurdesmouss.synology.me\/wordpress\/#\/schema\/logo\/image\/\"}}]}<\/script>\n<!-- \/ Yoast SEO plugin. -->","yoast_head_json":{"title":"Nos services - PHARMACIE MOUSSIN","robots":{"index":"index","follow":"follow","max-snippet":"max-snippet:-1","max-image-preview":"max-image-preview:large","max-video-preview":"max-video-preview:-1"},"canonical":"https:\/\/serveurdesmouss.synology.me\/wordpress\/index.php\/nos-services\/","og_locale":"fr_FR","og_type":"article","og_title":"Nos services - PHARMACIE MOUSSIN","og_description":"Prise de Tension Si vous ne poss\u00e9dez pas de tensiom\u00e8tre ou ne consultez pas r\u00e9guli\u00e8rement votre m\u00e9decin, venez v\u00e9rifier votre tension gratuitement \u00e0 la pharmacie. \u00a0 Vente et Location de Mat\u00e9riel M\u00e9dical\u00a0 Pour vous aider \u00e0 conserver autonomie et mobilit\u00e9, nous proposons des solutions sur-mesure : vente, location de mat\u00e9riel m\u00e9dical ou am\u00e9nagement de domicile. [&hellip;]","og_url":"https:\/\/serveurdesmouss.synology.me\/wordpress\/index.php\/nos-services\/","og_site_name":"PHARMACIE MOUSSIN","article_modified_time":"2024-11-01T16:59:54+00:00","twitter_card":"summary_large_image","twitter_misc":{"Dur\u00e9e de lecture estim\u00e9e":"2 minutes"},"schema":{"@context":"https:\/\/schema.org","@graph":[{"@type":"WebPage","@id":"https:\/\/serveurdesmouss.synology.me\/wordpress\/index.php\/nos-services\/","url":"https:\/\/serveurdesmouss.synology.me\/wordpress\/index.php\/nos-services\/","name":"Nos services - PHARMACIE MOUSSIN","isPartOf":{"@id":"https:\/\/serveurdesmouss.synology.me\/wordpress\/#website"},"datePublished":"2024-10-30T16:32:56+00:00","dateModified":"2024-11-01T16:59:54+00:00","breadcrumb":{"@id":"https:\/\/serveurdesmouss.synology.me\/wordpress\/index.php\/nos-services\/#breadcrumb"},"inLanguage":"fr-FR","potentialAction":[{"@type":"ReadAction","target":["https:\/\/serveurdesmouss.synology.me\/wordpress\/index.php\/nos-services\/"]}]},{"@type":"BreadcrumbList","@id":"https:\/\/serveurdesmouss.synology.me\/wordpress\/index.php\/nos-services\/#breadcrumb","itemListElement":[{"@type":"ListItem","position":1,"name":"Accueil","item":"https:\/\/serveurdesmouss.synology.me\/wordpress\/"},{"@type":"ListItem","position":2,"name":"Nos services"}]},{"@type":"WebSite","@id":"https:\/\/serveurdesmouss.synology.me\/wordpress\/#website","url":"https:\/\/serveurdesmouss.synology.me\/wordpress\/","name":"www.pharmacie-de-savigny-les-beaune.fr","description":"","publisher":{"@id":"https:\/\/serveurdesmouss.synology.me\/wordpress\/#organization"},"potentialAction":[{"@type":"SearchAction","target":{"@type":"EntryPoint","urlTemplate":"https:\/\/serveurdesmouss.synology.me\/wordpress\/?s={search_term_string}"},"query-input":"required name=search_term_string"}],"inLanguage":"fr-FR"},{"@type":"Organization","@id":"https:\/\/serveurdesmouss.synology.me\/wordpress\/#organization","name":"www.pharmacie-de-savigny-les-beaune.fr","url":"https:\/\/serveurdesmouss.synology.me\/wordpress\/","logo":{"@type":"ImageObject","inLanguage":"fr-FR","@id":"https:\/\/serveurdesmouss.synology.me\/wordpress\/#\/schema\/logo\/image\/","url":"https:\/\/serveurdesmouss.synology.me\/wordpress\/wp-content\/uploads\/2024\/10\/cropped-logo.jpg","contentUrl":"https:\/\/serveurdesmouss.synology.me\/wordpress\/wp-content\/uploads\/2024\/10\/cropped-logo.jpg","width":818,"height":142,"caption":"www.pharmacie-de-savigny-les-beaune.fr"},"image":{"@id":"https:\/\/serveurdesmouss.synology.me\/wordpress\/#\/schema\/logo\/image\/"}}]}},"_links":{"self":[{"href":"https:\/\/serveurdesmouss.synology.me\/wordpress\/index.php\/wp-json\/wp\/v2\/pages\/13"}],"collection":[{"href":"https:\/\/serveurdesmouss.synology.me\/wordpress\/index.php\/wp-json\/wp\/v2\/pages"}],"about":[{"href":"https:\/\/serveurdesmouss.synology.me\/wordpress\/index.php\/wp-json\/wp\/v2\/types\/page"}],"author":[{"embeddable":true,"href":"https:\/\/serveurdesmouss.synology.me\/wordpress\/index.php\/wp-json\/wp\/v2\/users\/1"}],"replies":[{"embeddable":true,"href":"https:\/\/serveurdesmouss.synology.me\/wordpress\/index.php\/wp-json\/wp\/v2\/comments?post=13"}],"version-history":[{"count":7,"href":"https:\/\/serveurdesmouss.synology.me\/wordpress\/index.php\/wp-json\/wp\/v2\/pages\/13\/revisions"}],"predecessor-version":[{"id":132,"href":"https:\/\/serveurdesmouss.synology.me\/wordpress\/index.php\/wp-json\/wp\/v2\/pages\/13\/revisions\/132"}],"wp:attachment":[{"href":"https:\/\/serveurdesmouss.synology.me\/wordpress\/index.php\/wp-json\/wp\/v2\/media?parent=13"}],"curies":[{"name":"wp","href":"https:\/\/api.w.org\/{rel}","templated":true}]}}